{"id":381,"date":"2022-10-06T18:57:10","date_gmt":"2022-10-06T18:57:10","guid":{"rendered":"https:\/\/alexgroupconsulting.com\/?page_id=381"},"modified":"2022-10-10T16:47:46","modified_gmt":"2022-10-10T16:47:46","slug":"knjigovodstvo","status":"publish","type":"page","link":"https:\/\/alexgroupconsulting.com\/eng\/knjigovodstvo\/","title":{"rendered":"ACCOUNTING"},"content":{"rendered":"<p>[et_pb_section fb_built=&#8220;1&#8243; fullwidth=&#8220;on&#8220; _builder_version=&#8220;4.9.3&#8243; _module_preset=&#8220;default&#8220;][et_pb_fullwidth_image src=&#8220;https:\/\/alexgroupconsulting.com\/wp-content\/uploads\/2022\/10\/accounting.jpg&#8220; title_text=&#8220;Global communication network concept. Network business.&#8220; _builder_version=&#8220;4.9.3&#8243; _module_preset=&#8220;default&#8220;][\/et_pb_fullwidth_image][\/et_pb_section][et_pb_section fb_built=&#8220;1&#8243; _builder_version=&#8220;4.9.3&#8243; _module_preset=&#8220;default&#8220; custom_padding=&#8220;6px||5px|||&#8220;][et_pb_row _builder_version=&#8220;4.9.3&#8243; _module_preset=&#8220;default&#8220; custom_padding=&#8220;8px||3px|||&#8220;][et_pb_column type=&#8220;4_4&#8243; _builder_version=&#8220;4.9.3&#8243; _module_preset=&#8220;default&#8220;][et_pb_text _builder_version=&#8220;4.9.3&#8243; _module_preset=&#8220;default&#8220; custom_padding=&#8220;9px|||||&#8220; hover_enabled=&#8220;0&#8243; sticky_enabled=&#8220;0&#8243;]<\/p>\n<h2 style=\"text-align: center;\"><span style=\"color: #030163;\"><em><strong>KOMPLETNO KNJIGOVODSTVO<\/strong><\/em><\/span><\/h2>\n<p>[\/et_pb_text][\/et_pb_column][\/et_pb_row][\/et_pb_section][et_pb_section fb_built=&#8220;1&#8243; _builder_version=&#8220;4.9.3&#8243; _module_preset=&#8220;default&#8220; custom_padding=&#8220;10px||7px|||&#8220;][et_pb_row _builder_version=&#8220;4.9.3&#8243; _module_preset=&#8220;default&#8220; custom_padding=&#8220;12px|||||&#8220;][et_pb_column type=&#8220;4_4&#8243; _builder_version=&#8220;4.9.3&#8243; _module_preset=&#8220;default&#8220;][et_pb_text _builder_version=&#8220;4.9.3&#8243; _module_preset=&#8220;default&#8220; text_text_color=&#8220;#000000&#8243; text_font_size=&#8220;18px&#8220;]<\/p>\n<p>Prilago\u0111avamo se specifi\u010dnim zahtevima klijenata, skre\u0107emo pa\u017enju na pitanja koja imaju uticaja na poslovne aktivnosti i knjigovodstvene usluge izvr\u0161avamo u roku.<\/p>\n<p><strong>KNJIGOVODSTVENE I RA\u010cUNOVODSTVENE USLUGE<\/strong><\/p>\n<p>Alex Group Consulting agencija se specijalizovala za saradnju u oblasti finansijskog knjigovodstva i poreskog savetovanja sa malim i srednjim preduze\u0107ima te velikim internacionalnim kompanijama koje posluju u Srbiji.<\/p>\n<p>Usluge za ra\u010dunovodstvo obuhvataju: izradu finansijskih izve\u0161taja, obra\u010dun zarada, prijavu i odjavu zaposlenih, izve\u0161tavanje prema grupi i nadzora poslovanja.<\/p>\n<p><strong>Knjigovodstvene usluge:<\/strong><br \/>\u00bb robno i finansijsko knjigovodstvo<br \/>\u00bb vo\u0111enje registra osnovnih sredstava<br \/>\u00bb evidentiranje finansijskih transakcija<br \/>\u00bb knji\u017eenje u skladu sa MRS\/MSFI<br \/>\u00bb obrada dokumentacije za izve\u0161tajni paket<br \/>\u00bb izrada i kontrola mese\u010dnih, kvartalnih i godi\u0161njih bilansa<br \/>\u00bb uskla\u0111enost sa lokalnim ra\u010dunovodstvenim standardima i propisima<br \/>\u00bb sastavljanje poreskih obra\u010duna i izve\u0161taja u skladu sa va\u017ee\u0107im zakonima<\/p>\n<p>[\/et_pb_text][\/et_pb_column][\/et_pb_row][\/et_pb_section][et_pb_section fb_built=&#8220;1&#8243; _builder_version=&#8220;4.9.3&#8243; _module_preset=&#8220;default&#8220; background_color=&#8220;#0d1548&#8243; custom_padding=&#8220;37px||37px|||&#8220;][et_pb_row _builder_version=&#8220;4.9.3&#8243; _module_preset=&#8220;default&#8220; custom_padding=&#8220;5px||4px|||&#8220;][et_pb_column type=&#8220;4_4&#8243; _builder_version=&#8220;4.9.3&#8243; _module_preset=&#8220;default&#8220;][et_pb_cta title=&#8220;DAVANJE SAVETA, USMERAVANJE I PRU\u017dANJE STRU\u010cNE I OPERATIVNE POMO\u0106I POSLOVNIM I DRUGIM PRIVREDNIM SUBJEKTIMA&#8220; button_url=&#8220;@ET-DC@eyJkeW5hbWljIjp0cnVlLCJjb250ZW50IjoicG9zdF9saW5rX3VybF9wYWdlIiwic2V0dGluZ3MiOnsicG9zdF9pZCI6IjMyMyJ9fQ==@&#8220; button_text=&#8220;Kontakt&#8220; _builder_version=&#8220;4.9.3&#8243; _dynamic_attributes=&#8220;button_url&#8220; _module_preset=&#8220;default&#8220; header_font=&#8220;Basic||||||||&#8220; body_font=&#8220;ABeeZee||||||||&#8220; body_font_size=&#8220;19px&#8220; background_color=&#8220;#0d1548&#8243; custom_padding=&#8220;8px||1px|||&#8220;]<\/p>\n<p class=\"tw-data-text tw-text-small tw-ta\" dir=\"ltr\"><em><span class=\"Y2IQFc\"><\/span><\/em><\/p>\n<p class=\"tw-data-text tw-text-small tw-ta\" id=\"tw-target-rmn\" dir=\"ltr\"><em><span class=\"Y2IQFc\">\u017delite da znate kako Alex Group Consulting mo\u017ee da re\u0161i probleme specifi\u010dne za va\u0161e poslovanje?<\/span><\/em><\/p>\n<p class=\"tw-data-text tw-text-small tw-ta\" dir=\"ltr\"><span class=\"Y2IQFc\"><\/span><\/p>\n<p>[\/et_pb_cta][\/et_pb_column][\/et_pb_row][\/et_pb_section]<\/p>\n","protected":false},"excerpt":{"rendered":"<p>[et_pb_section fb_built=&#8220;1&#8243; fullwidth=&#8220;on&#8220; _builder_version=&#8220;4.9.3&#8243; _module_preset=&#8220;default&#8220;][et_pb_fullwidth_image src=&#8220;https:\/\/alexgroupconsulting.com\/wp-content\/uploads\/2022\/10\/accounting.jpg&#8220; title_text=&#8220;Global communication network concept. Network business.&#8220; _builder_version=&#8220;4.9.3&#8243; _module_preset=&#8220;default&#8220;][\/et_pb_fullwidth_image][\/et_pb_section][et_pb_section fb_built=&#8220;1&#8243; _builder_version=&#8220;4.9.3&#8243; _module_preset=&#8220;default&#8220; custom_padding=&#8220;6px||5px|||&#8220;][et_pb_row _builder_version=&#8220;4.9.3&#8243; _module_preset=&#8220;default&#8220; custom_padding=&#8220;8px||3px|||&#8220;][et_pb_column type=&#8220;4_4&#8243; _builder_version=&#8220;4.9.3&#8243; _module_preset=&#8220;default&#8220;][et_pb_text _builder_version=&#8220;4.9.3&#8243; _module_preset=&#8220;default&#8220; custom_padding=&#8220;9px|||||&#8220; hover_enabled=&#8220;0&#8243; sticky_enabled=&#8220;0&#8243;] KOMPLETNO KNJIGOVODSTVO [\/et_pb_text][\/et_pb_column][\/et_pb_row][\/et_pb_section][et_pb_section fb_built=&#8220;1&#8243; _builder_version=&#8220;4.9.3&#8243; _module_preset=&#8220;default&#8220; custom_padding=&#8220;10px||7px|||&#8220;][et_pb_row _builder_version=&#8220;4.9.3&#8243; _module_preset=&#8220;default&#8220; custom_padding=&#8220;12px|||||&#8220;][et_pb_column type=&#8220;4_4&#8243; _builder_version=&#8220;4.9.3&#8243; _module_preset=&#8220;default&#8220;][et_pb_text _builder_version=&#8220;4.9.3&#8243; _module_preset=&#8220;default&#8220; text_text_color=&#8220;#000000&#8243; text_font_size=&#8220;18px&#8220;] Prilago\u0111avamo se specifi\u010dnim zahtevima klijenata, skre\u0107emo pa\u017enju na pitanja [&hellip;]<\/p>\n","protected":false},"author":1,"featured_media":0,"parent":0,"menu_order":0,"comment_status":"closed","ping_status":"closed","template":"","meta":{"_et_pb_use_builder":"on","_et_pb_old_content":"","_et_gb_content_width":"","footnotes":""},"class_list":["post-381","page","type-page","status-publish","hentry"],"_links":{"self":[{"href":"https:\/\/alexgroupconsulting.com\/eng\/wp-json\/wp\/v2\/pages\/381","targetHints":{"allow":["GET"]}}],"collection":[{"href":"https:\/\/alexgroupconsulting.com\/eng\/wp-json\/wp\/v2\/pages"}],"about":[{"href":"https:\/\/alexgroupconsulting.com\/eng\/wp-json\/wp\/v2\/types\/page"}],"author":[{"embeddable":true,"href":"https:\/\/alexgroupconsulting.com\/eng\/wp-json\/wp\/v2\/users\/1"}],"replies":[{"embeddable":true,"href":"https:\/\/alexgroupconsulting.com\/eng\/wp-json\/wp\/v2\/comments?post=381"}],"version-history":[{"count":5,"href":"https:\/\/alexgroupconsulting.com\/eng\/wp-json\/wp\/v2\/pages\/381\/revisions"}],"predecessor-version":[{"id":435,"href":"https:\/\/alexgroupconsulting.com\/eng\/wp-json\/wp\/v2\/pages\/381\/revisions\/435"}],"wp:attachment":[{"href":"https:\/\/alexgroupconsulting.com\/eng\/wp-json\/wp\/v2\/media?parent=381"}],"curies":[{"name":"wp","href":"https:\/\/api.w.org\/{rel}","templated":true}]}}